{"id":21542,"date":"2025-05-12T16:31:20","date_gmt":"2025-05-12T16:31:20","guid":{"rendered":"https:\/\/casembly.lt\/?post_type=product&#038;p=21542"},"modified":"2025-05-13T10:15:02","modified_gmt":"2025-05-13T10:15:02","slug":"retro-vibe","status":"publish","type":"product","link":"https:\/\/casembly.lt\/pl\/telefono-deklai\/retro-vibe\/","title":{"rendered":"Retro Vibe"},"content":{"rendered":"","protected":false},"excerpt":{"rendered":"","protected":false},"featured_media":21884,"comment_status":"open","ping_status":"closed","template":"","meta":[],"product_brand":[],"product_cat":[287,377,289],"product_tag":[],"class_list":{"0":"post-21542","1":"product","2":"type-product","3":"status-publish","4":"has-post-thumbnail","6":"product_cat-flowers-pl","7":"product_cat-pastel-pl","8":"product_cat-summer-vibez-pl","10":"first","11":"instock","12":"taxable","13":"shipping-taxable","14":"purchasable","15":"product-type-variable","16":"has-default-attributes"},"yoast_head":"<!-- This site is optimized with the Yoast SEO Premium plugin v23.9 (Yoast SEO v25.5) - https:\/\/yoast.com\/wordpress\/plugins\/seo\/ -->\n<title>Etui Retro Vibe \u2013 kolorowy design w stylu retro | Casembly<\/title>\n<meta name=\"description\" content=\"Etui Retro Vibe \u2013 odwa\u017cny i kolorowy design inspirowany latami 70., z pomara\u0144czowymi i niebieskimi akcentami. Idealny dla fan\u00f3w wyrazistego stylu!\" \/>\n<meta name=\"robots\" content=\"index, follow, max-snippet:-1, max-image-preview:large, max-video-preview:-1\" \/>\n<link rel=\"canonical\" href=\"https:\/\/casembly.lt\/pl\/telefono-deklai\/retro-vibe\/\" \/>\n<meta property=\"og:locale\" content=\"pl_PL\" \/>\n<meta property=\"og:type\" content=\"article\" \/>\n<meta property=\"og:title\" content=\"Retro Vibe\" \/>\n<meta property=\"og:description\" content=\"Etui Retro Vibe \u2013 odwa\u017cny i kolorowy design inspirowany latami 70., z pomara\u0144czowymi i niebieskimi akcentami. Idealny dla fan\u00f3w wyrazistego stylu!\" \/>\n<meta property=\"og:url\" content=\"https:\/\/casembly.lt\/pl\/telefono-deklai\/retro-vibe\/\" \/>\n<meta property=\"og:site_name\" content=\"Casembly\" \/>\n<meta property=\"article:publisher\" content=\"https:\/\/www.facebook.com\/profile.php?id=61566360402330\" \/>\n<meta property=\"article:modified_time\" content=\"2025-05-13T10:15:02+00:00\" \/>\n<meta property=\"og:image\" content=\"https:\/\/casembly.lt\/wp-content\/uploads\/2025\/05\/front-2-scaled.jpg\" \/>\n\t<meta property=\"og:image:width\" content=\"2133\" \/>\n\t<meta property=\"og:image:height\" content=\"2560\" \/>\n\t<meta property=\"og:image:type\" content=\"image\/jpeg\" \/>\n<meta name=\"twitter:card\" content=\"summary_large_image\" \/>\n<meta name=\"twitter:label1\" content=\"Szacowany czas czytania\" \/>\n\t<meta name=\"twitter:data1\" content=\"1 minuta\" \/>\n<script type=\"application\/ld+json\" class=\"yoast-schema-graph\">{\"@context\":\"https:\/\/schema.org\",\"@graph\":[{\"@type\":\"WebPage\",\"@id\":\"https:\/\/casembly.lt\/pl\/telefono-deklai\/retro-vibe\/\",\"url\":\"https:\/\/casembly.lt\/pl\/telefono-deklai\/retro-vibe\/\",\"name\":\"Etui Retro Vibe \u2013 kolorowy design w stylu retro | Casembly\",\"isPartOf\":{\"@id\":\"https:\/\/casembly.lt\/#website\"},\"primaryImageOfPage\":{\"@id\":\"https:\/\/casembly.lt\/pl\/telefono-deklai\/retro-vibe\/#primaryimage\"},\"image\":{\"@id\":\"https:\/\/casembly.lt\/pl\/telefono-deklai\/retro-vibe\/#primaryimage\"},\"thumbnailUrl\":\"https:\/\/casembly.lt\/wp-content\/uploads\/2025\/05\/front-2-scaled.jpg\",\"datePublished\":\"2025-05-12T16:31:20+00:00\",\"dateModified\":\"2025-05-13T10:15:02+00:00\",\"description\":\"Etui Retro Vibe \u2013 odwa\u017cny i kolorowy design inspirowany latami 70., z pomara\u0144czowymi i niebieskimi akcentami. Idealny dla fan\u00f3w wyrazistego stylu!\",\"breadcrumb\":{\"@id\":\"https:\/\/casembly.lt\/pl\/telefono-deklai\/retro-vibe\/#breadcrumb\"},\"inLanguage\":\"pl-PL\",\"potentialAction\":[{\"@type\":\"ReadAction\",\"target\":[\"https:\/\/casembly.lt\/pl\/telefono-deklai\/retro-vibe\/\"]}]},{\"@type\":\"ImageObject\",\"inLanguage\":\"pl-PL\",\"@id\":\"https:\/\/casembly.lt\/pl\/telefono-deklai\/retro-vibe\/#primaryimage\",\"url\":\"https:\/\/casembly.lt\/wp-content\/uploads\/2025\/05\/front-2-scaled.jpg\",\"contentUrl\":\"https:\/\/casembly.lt\/wp-content\/uploads\/2025\/05\/front-2-scaled.jpg\",\"width\":2133,\"height\":2560},{\"@type\":\"BreadcrumbList\",\"@id\":\"https:\/\/casembly.lt\/pl\/telefono-deklai\/retro-vibe\/#breadcrumb\",\"itemListElement\":[{\"@type\":\"ListItem\",\"position\":1,\"name\":\"Home\",\"item\":\"https:\/\/casembly.lt\/\"},{\"@type\":\"ListItem\",\"position\":2,\"name\":\"Etui na telefony\",\"item\":\"https:\/\/casembly.lt\/pl\/sklep\/\"},{\"@type\":\"ListItem\",\"position\":3,\"name\":\"Retro Vibe\"}]},{\"@type\":\"WebSite\",\"@id\":\"https:\/\/casembly.lt\/#website\",\"url\":\"https:\/\/casembly.lt\/\",\"name\":\"Casembly.lt\",\"description\":\"\",\"publisher\":{\"@id\":\"https:\/\/casembly.lt\/#organization\"},\"alternateName\":\"Casembly\",\"potentialAction\":[{\"@type\":\"SearchAction\",\"target\":{\"@type\":\"EntryPoint\",\"urlTemplate\":\"https:\/\/casembly.lt\/?s={search_term_string}\"},\"query-input\":{\"@type\":\"PropertyValueSpecification\",\"valueRequired\":true,\"valueName\":\"search_term_string\"}}],\"inLanguage\":\"pl-PL\"},{\"@type\":\"Organization\",\"@id\":\"https:\/\/casembly.lt\/#organization\",\"name\":\"Casembly\",\"alternateName\":\"Casembly\",\"url\":\"https:\/\/casembly.lt\/\",\"logo\":{\"@type\":\"ImageObject\",\"inLanguage\":\"pl-PL\",\"@id\":\"https:\/\/casembly.lt\/#\/schema\/logo\/image\/\",\"url\":\"https:\/\/casembly.lt\/wp-content\/uploads\/2024\/11\/Your-paragraph-text-400-x-200-px-1.png\",\"contentUrl\":\"https:\/\/casembly.lt\/wp-content\/uploads\/2024\/11\/Your-paragraph-text-400-x-200-px-1.png\",\"width\":400,\"height\":200,\"caption\":\"Casembly\"},\"image\":{\"@id\":\"https:\/\/casembly.lt\/#\/schema\/logo\/image\/\"},\"sameAs\":[\"https:\/\/www.facebook.com\/profile.php?id=61566360402330\"]}]}<\/script>\n<!-- \/ Yoast SEO Premium plugin. -->","yoast_head_json":{"title":"Etui Retro Vibe \u2013 kolorowy design w stylu retro | Casembly","description":"Etui Retro Vibe \u2013 odwa\u017cny i kolorowy design inspirowany latami 70., z pomara\u0144czowymi i niebieskimi akcentami. Idealny dla fan\u00f3w wyrazistego stylu!","robots":{"index":"index","follow":"follow","max-snippet":"max-snippet:-1","max-image-preview":"max-image-preview:large","max-video-preview":"max-video-preview:-1"},"canonical":"https:\/\/casembly.lt\/pl\/telefono-deklai\/retro-vibe\/","og_locale":"pl_PL","og_type":"article","og_title":"Retro Vibe","og_description":"Etui Retro Vibe \u2013 odwa\u017cny i kolorowy design inspirowany latami 70., z pomara\u0144czowymi i niebieskimi akcentami. Idealny dla fan\u00f3w wyrazistego stylu!","og_url":"https:\/\/casembly.lt\/pl\/telefono-deklai\/retro-vibe\/","og_site_name":"Casembly","article_publisher":"https:\/\/www.facebook.com\/profile.php?id=61566360402330","article_modified_time":"2025-05-13T10:15:02+00:00","og_image":[{"width":2133,"height":2560,"url":"https:\/\/casembly.lt\/wp-content\/uploads\/2025\/05\/front-2-scaled.jpg","type":"image\/jpeg"}],"twitter_card":"summary_large_image","twitter_misc":{"Szacowany czas czytania":"1 minuta"},"schema":{"@context":"https:\/\/schema.org","@graph":[{"@type":"WebPage","@id":"https:\/\/casembly.lt\/pl\/telefono-deklai\/retro-vibe\/","url":"https:\/\/casembly.lt\/pl\/telefono-deklai\/retro-vibe\/","name":"Etui Retro Vibe \u2013 kolorowy design w stylu retro | Casembly","isPartOf":{"@id":"https:\/\/casembly.lt\/#website"},"primaryImageOfPage":{"@id":"https:\/\/casembly.lt\/pl\/telefono-deklai\/retro-vibe\/#primaryimage"},"image":{"@id":"https:\/\/casembly.lt\/pl\/telefono-deklai\/retro-vibe\/#primaryimage"},"thumbnailUrl":"https:\/\/casembly.lt\/wp-content\/uploads\/2025\/05\/front-2-scaled.jpg","datePublished":"2025-05-12T16:31:20+00:00","dateModified":"2025-05-13T10:15:02+00:00","description":"Etui Retro Vibe \u2013 odwa\u017cny i kolorowy design inspirowany latami 70., z pomara\u0144czowymi i niebieskimi akcentami. Idealny dla fan\u00f3w wyrazistego stylu!","breadcrumb":{"@id":"https:\/\/casembly.lt\/pl\/telefono-deklai\/retro-vibe\/#breadcrumb"},"inLanguage":"pl-PL","potentialAction":[{"@type":"ReadAction","target":["https:\/\/casembly.lt\/pl\/telefono-deklai\/retro-vibe\/"]}]},{"@type":"ImageObject","inLanguage":"pl-PL","@id":"https:\/\/casembly.lt\/pl\/telefono-deklai\/retro-vibe\/#primaryimage","url":"https:\/\/casembly.lt\/wp-content\/uploads\/2025\/05\/front-2-scaled.jpg","contentUrl":"https:\/\/casembly.lt\/wp-content\/uploads\/2025\/05\/front-2-scaled.jpg","width":2133,"height":2560},{"@type":"BreadcrumbList","@id":"https:\/\/casembly.lt\/pl\/telefono-deklai\/retro-vibe\/#breadcrumb","itemListElement":[{"@type":"ListItem","position":1,"name":"Home","item":"https:\/\/casembly.lt\/"},{"@type":"ListItem","position":2,"name":"Etui na telefony","item":"https:\/\/casembly.lt\/pl\/sklep\/"},{"@type":"ListItem","position":3,"name":"Retro Vibe"}]},{"@type":"WebSite","@id":"https:\/\/casembly.lt\/#website","url":"https:\/\/casembly.lt\/","name":"Casembly.lt","description":"","publisher":{"@id":"https:\/\/casembly.lt\/#organization"},"alternateName":"Casembly","potentialAction":[{"@type":"SearchAction","target":{"@type":"EntryPoint","urlTemplate":"https:\/\/casembly.lt\/?s={search_term_string}"},"query-input":{"@type":"PropertyValueSpecification","valueRequired":true,"valueName":"search_term_string"}}],"inLanguage":"pl-PL"},{"@type":"Organization","@id":"https:\/\/casembly.lt\/#organization","name":"Casembly","alternateName":"Casembly","url":"https:\/\/casembly.lt\/","logo":{"@type":"ImageObject","inLanguage":"pl-PL","@id":"https:\/\/casembly.lt\/#\/schema\/logo\/image\/","url":"https:\/\/casembly.lt\/wp-content\/uploads\/2024\/11\/Your-paragraph-text-400-x-200-px-1.png","contentUrl":"https:\/\/casembly.lt\/wp-content\/uploads\/2024\/11\/Your-paragraph-text-400-x-200-px-1.png","width":400,"height":200,"caption":"Casembly"},"image":{"@id":"https:\/\/casembly.lt\/#\/schema\/logo\/image\/"},"sameAs":["https:\/\/www.facebook.com\/profile.php?id=61566360402330"]}]}},"_links":{"self":[{"href":"https:\/\/casembly.lt\/pl\/wp-json\/wp\/v2\/product\/21542","targetHints":{"allow":["GET"]}}],"collection":[{"href":"https:\/\/casembly.lt\/pl\/wp-json\/wp\/v2\/product"}],"about":[{"href":"https:\/\/casembly.lt\/pl\/wp-json\/wp\/v2\/types\/product"}],"replies":[{"embeddable":true,"href":"https:\/\/casembly.lt\/pl\/wp-json\/wp\/v2\/comments?post=21542"}],"version-history":[{"count":1,"href":"https:\/\/casembly.lt\/pl\/wp-json\/wp\/v2\/product\/21542\/revisions"}],"predecessor-version":[{"id":21885,"href":"https:\/\/casembly.lt\/pl\/wp-json\/wp\/v2\/product\/21542\/revisions\/21885"}],"wp:featuredmedia":[{"embeddable":true,"href":"https:\/\/casembly.lt\/pl\/wp-json\/wp\/v2\/media\/21884"}],"wp:attachment":[{"href":"https:\/\/casembly.lt\/pl\/wp-json\/wp\/v2\/media?parent=21542"}],"wp:term":[{"taxonomy":"product_brand","embeddable":true,"href":"https:\/\/casembly.lt\/pl\/wp-json\/wp\/v2\/product_brand?post=21542"},{"taxonomy":"product_cat","embeddable":true,"href":"https:\/\/casembly.lt\/pl\/wp-json\/wp\/v2\/product_cat?post=21542"},{"taxonomy":"product_tag","embeddable":true,"href":"https:\/\/casembly.lt\/pl\/wp-json\/wp\/v2\/product_tag?post=21542"}],"curies":[{"name":"wp","href":"https:\/\/api.w.org\/{rel}","templated":true}]}}