{"id":12519,"date":"2024-11-26T13:07:22","date_gmt":"2024-11-26T13:07:22","guid":{"rendered":"https:\/\/casembly.lt\/telefono-deklai\/chamomile\/"},"modified":"2024-11-26T13:07:22","modified_gmt":"2024-11-26T13:07:22","slug":"chamomile","status":"publish","type":"product","link":"https:\/\/casembly.lt\/pl\/telefono-deklai\/chamomile\/","title":{"rendered":"Chamomile"},"content":{"rendered":"","protected":false},"excerpt":{"rendered":"","protected":false},"featured_media":10431,"comment_status":"open","ping_status":"closed","template":"","meta":[],"product_brand":[],"product_cat":[287,289],"product_tag":[],"class_list":{"0":"post-12519","1":"product","2":"type-product","3":"status-publish","4":"has-post-thumbnail","6":"product_cat-flowers-pl","7":"product_cat-summer-vibez-pl","9":"first","10":"instock","11":"taxable","12":"shipping-taxable","13":"purchasable","14":"product-type-variable"},"yoast_head":"<!-- This site is optimized with the Yoast SEO Premium plugin v23.9 (Yoast SEO v25.5) - https:\/\/yoast.com\/wordpress\/plugins\/seo\/ -->\n<title>Chamomile - Casembly<\/title>\n<meta name=\"description\" content=\"Telefono d\u0117klas \u201eChamomile\u201c \u2013 subtilus ramun\u0117li\u0173 dizainas, suteikiantis \u0161velnumo ir gaivos j\u016bs\u0173 iPhone arba Android telefonui. Auk\u0161tos kokyb\u0117s 360\u00b0 apsauga ir atsparumas \u012fbr\u0117\u017eimams.\" \/>\n<meta name=\"robots\" content=\"index, follow, max-snippet:-1, max-image-preview:large, max-video-preview:-1\" \/>\n<link rel=\"canonical\" href=\"https:\/\/casembly.lt\/pl\/telefono-deklai\/chamomile\/\" \/>\n<meta property=\"og:locale\" content=\"pl_PL\" \/>\n<meta property=\"og:type\" content=\"article\" \/>\n<meta property=\"og:title\" content=\"Chamomile\" \/>\n<meta property=\"og:description\" content=\"Telefono d\u0117klas \u201eChamomile\u201c \u2013 subtilus ramun\u0117li\u0173 dizainas, suteikiantis \u0161velnumo ir gaivos j\u016bs\u0173 iPhone arba Android telefonui. Auk\u0161tos kokyb\u0117s 360\u00b0 apsauga ir atsparumas \u012fbr\u0117\u017eimams.\" \/>\n<meta property=\"og:url\" content=\"https:\/\/casembly.lt\/pl\/telefono-deklai\/chamomile\/\" \/>\n<meta property=\"og:site_name\" content=\"Casembly\" \/>\n<meta property=\"article:publisher\" content=\"https:\/\/www.facebook.com\/profile.php?id=61566360402330\" \/>\n<meta property=\"og:image\" content=\"https:\/\/casembly.lt\/wp-content\/uploads\/2024\/11\/3D-mockup-18-scaled.jpg\" \/>\n\t<meta property=\"og:image:width\" content=\"2133\" \/>\n\t<meta property=\"og:image:height\" content=\"2560\" \/>\n\t<meta property=\"og:image:type\" content=\"image\/jpeg\" \/>\n<meta name=\"twitter:card\" content=\"summary_large_image\" \/>\n<script type=\"application\/ld+json\" class=\"yoast-schema-graph\">{\"@context\":\"https:\/\/schema.org\",\"@graph\":[{\"@type\":\"WebPage\",\"@id\":\"https:\/\/casembly.lt\/pl\/telefono-deklai\/chamomile\/\",\"url\":\"https:\/\/casembly.lt\/pl\/telefono-deklai\/chamomile\/\",\"name\":\"Chamomile - Casembly\",\"isPartOf\":{\"@id\":\"https:\/\/casembly.lt\/#website\"},\"primaryImageOfPage\":{\"@id\":\"https:\/\/casembly.lt\/pl\/telefono-deklai\/chamomile\/#primaryimage\"},\"image\":{\"@id\":\"https:\/\/casembly.lt\/pl\/telefono-deklai\/chamomile\/#primaryimage\"},\"thumbnailUrl\":\"https:\/\/casembly.lt\/wp-content\/uploads\/2024\/11\/3D-mockup-18-scaled.jpg\",\"datePublished\":\"2024-11-26T13:07:22+00:00\",\"description\":\"Telefono d\u0117klas \u201eChamomile\u201c \u2013 subtilus ramun\u0117li\u0173 dizainas, suteikiantis \u0161velnumo ir gaivos j\u016bs\u0173 iPhone arba Android telefonui. Auk\u0161tos kokyb\u0117s 360\u00b0 apsauga ir atsparumas \u012fbr\u0117\u017eimams.\",\"breadcrumb\":{\"@id\":\"https:\/\/casembly.lt\/pl\/telefono-deklai\/chamomile\/#breadcrumb\"},\"inLanguage\":\"pl-PL\",\"potentialAction\":[{\"@type\":\"ReadAction\",\"target\":[\"https:\/\/casembly.lt\/pl\/telefono-deklai\/chamomile\/\"]}]},{\"@type\":\"ImageObject\",\"inLanguage\":\"pl-PL\",\"@id\":\"https:\/\/casembly.lt\/pl\/telefono-deklai\/chamomile\/#primaryimage\",\"url\":\"https:\/\/casembly.lt\/wp-content\/uploads\/2024\/11\/3D-mockup-18-scaled.jpg\",\"contentUrl\":\"https:\/\/casembly.lt\/wp-content\/uploads\/2024\/11\/3D-mockup-18-scaled.jpg\",\"width\":2133,\"height\":2560},{\"@type\":\"BreadcrumbList\",\"@id\":\"https:\/\/casembly.lt\/pl\/telefono-deklai\/chamomile\/#breadcrumb\",\"itemListElement\":[{\"@type\":\"ListItem\",\"position\":1,\"name\":\"Home\",\"item\":\"https:\/\/casembly.lt\/\"},{\"@type\":\"ListItem\",\"position\":2,\"name\":\"Etui na telefony\",\"item\":\"https:\/\/casembly.lt\/pl\/sklep\/\"},{\"@type\":\"ListItem\",\"position\":3,\"name\":\"Chamomile\"}]},{\"@type\":\"WebSite\",\"@id\":\"https:\/\/casembly.lt\/#website\",\"url\":\"https:\/\/casembly.lt\/\",\"name\":\"Casembly.lt\",\"description\":\"\",\"publisher\":{\"@id\":\"https:\/\/casembly.lt\/#organization\"},\"alternateName\":\"Casembly\",\"potentialAction\":[{\"@type\":\"SearchAction\",\"target\":{\"@type\":\"EntryPoint\",\"urlTemplate\":\"https:\/\/casembly.lt\/?s={search_term_string}\"},\"query-input\":{\"@type\":\"PropertyValueSpecification\",\"valueRequired\":true,\"valueName\":\"search_term_string\"}}],\"inLanguage\":\"pl-PL\"},{\"@type\":\"Organization\",\"@id\":\"https:\/\/casembly.lt\/#organization\",\"name\":\"Casembly\",\"alternateName\":\"Casembly\",\"url\":\"https:\/\/casembly.lt\/\",\"logo\":{\"@type\":\"ImageObject\",\"inLanguage\":\"pl-PL\",\"@id\":\"https:\/\/casembly.lt\/#\/schema\/logo\/image\/\",\"url\":\"https:\/\/casembly.lt\/wp-content\/uploads\/2024\/11\/Your-paragraph-text-400-x-200-px-1.png\",\"contentUrl\":\"https:\/\/casembly.lt\/wp-content\/uploads\/2024\/11\/Your-paragraph-text-400-x-200-px-1.png\",\"width\":400,\"height\":200,\"caption\":\"Casembly\"},\"image\":{\"@id\":\"https:\/\/casembly.lt\/#\/schema\/logo\/image\/\"},\"sameAs\":[\"https:\/\/www.facebook.com\/profile.php?id=61566360402330\"]}]}<\/script>\n<!-- \/ Yoast SEO Premium plugin. -->","yoast_head_json":{"title":"Chamomile - Casembly","description":"Telefono d\u0117klas \u201eChamomile\u201c \u2013 subtilus ramun\u0117li\u0173 dizainas, suteikiantis \u0161velnumo ir gaivos j\u016bs\u0173 iPhone arba Android telefonui. Auk\u0161tos kokyb\u0117s 360\u00b0 apsauga ir atsparumas \u012fbr\u0117\u017eimams.","robots":{"index":"index","follow":"follow","max-snippet":"max-snippet:-1","max-image-preview":"max-image-preview:large","max-video-preview":"max-video-preview:-1"},"canonical":"https:\/\/casembly.lt\/pl\/telefono-deklai\/chamomile\/","og_locale":"pl_PL","og_type":"article","og_title":"Chamomile","og_description":"Telefono d\u0117klas \u201eChamomile\u201c \u2013 subtilus ramun\u0117li\u0173 dizainas, suteikiantis \u0161velnumo ir gaivos j\u016bs\u0173 iPhone arba Android telefonui. Auk\u0161tos kokyb\u0117s 360\u00b0 apsauga ir atsparumas \u012fbr\u0117\u017eimams.","og_url":"https:\/\/casembly.lt\/pl\/telefono-deklai\/chamomile\/","og_site_name":"Casembly","article_publisher":"https:\/\/www.facebook.com\/profile.php?id=61566360402330","og_image":[{"width":2133,"height":2560,"url":"https:\/\/casembly.lt\/wp-content\/uploads\/2024\/11\/3D-mockup-18-scaled.jpg","type":"image\/jpeg"}],"twitter_card":"summary_large_image","schema":{"@context":"https:\/\/schema.org","@graph":[{"@type":"WebPage","@id":"https:\/\/casembly.lt\/pl\/telefono-deklai\/chamomile\/","url":"https:\/\/casembly.lt\/pl\/telefono-deklai\/chamomile\/","name":"Chamomile - Casembly","isPartOf":{"@id":"https:\/\/casembly.lt\/#website"},"primaryImageOfPage":{"@id":"https:\/\/casembly.lt\/pl\/telefono-deklai\/chamomile\/#primaryimage"},"image":{"@id":"https:\/\/casembly.lt\/pl\/telefono-deklai\/chamomile\/#primaryimage"},"thumbnailUrl":"https:\/\/casembly.lt\/wp-content\/uploads\/2024\/11\/3D-mockup-18-scaled.jpg","datePublished":"2024-11-26T13:07:22+00:00","description":"Telefono d\u0117klas \u201eChamomile\u201c \u2013 subtilus ramun\u0117li\u0173 dizainas, suteikiantis \u0161velnumo ir gaivos j\u016bs\u0173 iPhone arba Android telefonui. Auk\u0161tos kokyb\u0117s 360\u00b0 apsauga ir atsparumas \u012fbr\u0117\u017eimams.","breadcrumb":{"@id":"https:\/\/casembly.lt\/pl\/telefono-deklai\/chamomile\/#breadcrumb"},"inLanguage":"pl-PL","potentialAction":[{"@type":"ReadAction","target":["https:\/\/casembly.lt\/pl\/telefono-deklai\/chamomile\/"]}]},{"@type":"ImageObject","inLanguage":"pl-PL","@id":"https:\/\/casembly.lt\/pl\/telefono-deklai\/chamomile\/#primaryimage","url":"https:\/\/casembly.lt\/wp-content\/uploads\/2024\/11\/3D-mockup-18-scaled.jpg","contentUrl":"https:\/\/casembly.lt\/wp-content\/uploads\/2024\/11\/3D-mockup-18-scaled.jpg","width":2133,"height":2560},{"@type":"BreadcrumbList","@id":"https:\/\/casembly.lt\/pl\/telefono-deklai\/chamomile\/#breadcrumb","itemListElement":[{"@type":"ListItem","position":1,"name":"Home","item":"https:\/\/casembly.lt\/"},{"@type":"ListItem","position":2,"name":"Etui na telefony","item":"https:\/\/casembly.lt\/pl\/sklep\/"},{"@type":"ListItem","position":3,"name":"Chamomile"}]},{"@type":"WebSite","@id":"https:\/\/casembly.lt\/#website","url":"https:\/\/casembly.lt\/","name":"Casembly.lt","description":"","publisher":{"@id":"https:\/\/casembly.lt\/#organization"},"alternateName":"Casembly","potentialAction":[{"@type":"SearchAction","target":{"@type":"EntryPoint","urlTemplate":"https:\/\/casembly.lt\/?s={search_term_string}"},"query-input":{"@type":"PropertyValueSpecification","valueRequired":true,"valueName":"search_term_string"}}],"inLanguage":"pl-PL"},{"@type":"Organization","@id":"https:\/\/casembly.lt\/#organization","name":"Casembly","alternateName":"Casembly","url":"https:\/\/casembly.lt\/","logo":{"@type":"ImageObject","inLanguage":"pl-PL","@id":"https:\/\/casembly.lt\/#\/schema\/logo\/image\/","url":"https:\/\/casembly.lt\/wp-content\/uploads\/2024\/11\/Your-paragraph-text-400-x-200-px-1.png","contentUrl":"https:\/\/casembly.lt\/wp-content\/uploads\/2024\/11\/Your-paragraph-text-400-x-200-px-1.png","width":400,"height":200,"caption":"Casembly"},"image":{"@id":"https:\/\/casembly.lt\/#\/schema\/logo\/image\/"},"sameAs":["https:\/\/www.facebook.com\/profile.php?id=61566360402330"]}]}},"_links":{"self":[{"href":"https:\/\/casembly.lt\/pl\/wp-json\/wp\/v2\/product\/12519","targetHints":{"allow":["GET"]}}],"collection":[{"href":"https:\/\/casembly.lt\/pl\/wp-json\/wp\/v2\/product"}],"about":[{"href":"https:\/\/casembly.lt\/pl\/wp-json\/wp\/v2\/types\/product"}],"replies":[{"embeddable":true,"href":"https:\/\/casembly.lt\/pl\/wp-json\/wp\/v2\/comments?post=12519"}],"version-history":[{"count":0,"href":"https:\/\/casembly.lt\/pl\/wp-json\/wp\/v2\/product\/12519\/revisions"}],"wp:featuredmedia":[{"embeddable":true,"href":"https:\/\/casembly.lt\/pl\/wp-json\/wp\/v2\/media\/10431"}],"wp:attachment":[{"href":"https:\/\/casembly.lt\/pl\/wp-json\/wp\/v2\/media?parent=12519"}],"wp:term":[{"taxonomy":"product_brand","embeddable":true,"href":"https:\/\/casembly.lt\/pl\/wp-json\/wp\/v2\/product_brand?post=12519"},{"taxonomy":"product_cat","embeddable":true,"href":"https:\/\/casembly.lt\/pl\/wp-json\/wp\/v2\/product_cat?post=12519"},{"taxonomy":"product_tag","embeddable":true,"href":"https:\/\/casembly.lt\/pl\/wp-json\/wp\/v2\/product_tag?post=12519"}],"curies":[{"name":"wp","href":"https:\/\/api.w.org\/{rel}","templated":true}]}}