{"id":11599,"date":"2024-11-26T12:31:06","date_gmt":"2024-11-26T12:31:06","guid":{"rendered":"https:\/\/casembly.lt\/telefono-deklai\/strawberry\/"},"modified":"2024-11-26T12:31:06","modified_gmt":"2024-11-26T12:31:06","slug":"strawberry","status":"publish","type":"product","link":"https:\/\/casembly.lt\/pl\/telefono-deklai\/strawberry\/","title":{"rendered":"Strawberry"},"content":{"rendered":"","protected":false},"excerpt":{"rendered":"","protected":false},"featured_media":10470,"comment_status":"open","ping_status":"closed","template":"","meta":[],"product_brand":[],"product_cat":[289],"product_tag":[],"class_list":{"0":"post-11599","1":"product","2":"type-product","3":"status-publish","4":"has-post-thumbnail","6":"product_cat-summer-vibez-pl","8":"first","9":"instock","10":"taxable","11":"shipping-taxable","12":"purchasable","13":"product-type-variable"},"yoast_head":"<!-- This site is optimized with the Yoast SEO Premium plugin v23.9 (Yoast SEO v25.5) - https:\/\/yoast.com\/wordpress\/plugins\/seo\/ -->\n<title>Strawberry - Casembly<\/title>\n<meta name=\"description\" content=\"Zabawne etui na telefon Strawberry ma orze\u017awiaj\u0105cy truskawkowy wz\u00f3r dla modeli iPhone i Android. Wysokiej jako\u015bci ochrona 360\u00b0, odporno\u015b\u0107 na zarysowania i stylowa ochrona telefonu.\" \/>\n<meta name=\"robots\" content=\"index, follow, max-snippet:-1, max-image-preview:large, max-video-preview:-1\" \/>\n<link rel=\"canonical\" href=\"https:\/\/casembly.lt\/pl\/telefono-deklai\/strawberry\/\" \/>\n<meta property=\"og:locale\" content=\"pl_PL\" \/>\n<meta property=\"og:type\" content=\"article\" \/>\n<meta property=\"og:title\" content=\"Strawberry\" \/>\n<meta property=\"og:description\" content=\"Zabawne etui na telefon Strawberry ma orze\u017awiaj\u0105cy truskawkowy wz\u00f3r dla modeli iPhone i Android. Wysokiej jako\u015bci ochrona 360\u00b0, odporno\u015b\u0107 na zarysowania i stylowa ochrona telefonu.\" \/>\n<meta property=\"og:url\" content=\"https:\/\/casembly.lt\/pl\/telefono-deklai\/strawberry\/\" \/>\n<meta property=\"og:site_name\" content=\"Casembly\" \/>\n<meta property=\"article:publisher\" content=\"https:\/\/www.facebook.com\/profile.php?id=61566360402330\" \/>\n<meta property=\"og:image\" content=\"https:\/\/casembly.lt\/wp-content\/uploads\/2024\/11\/3D-front-mockup-7-scaled.jpg\" \/>\n\t<meta property=\"og:image:width\" content=\"2133\" \/>\n\t<meta property=\"og:image:height\" content=\"2560\" \/>\n\t<meta property=\"og:image:type\" content=\"image\/jpeg\" \/>\n<meta name=\"twitter:card\" content=\"summary_large_image\" \/>\n<script type=\"application\/ld+json\" class=\"yoast-schema-graph\">{\"@context\":\"https:\/\/schema.org\",\"@graph\":[{\"@type\":\"WebPage\",\"@id\":\"https:\/\/casembly.lt\/pl\/telefono-deklai\/strawberry\/\",\"url\":\"https:\/\/casembly.lt\/pl\/telefono-deklai\/strawberry\/\",\"name\":\"Strawberry - Casembly\",\"isPartOf\":{\"@id\":\"https:\/\/casembly.lt\/#website\"},\"primaryImageOfPage\":{\"@id\":\"https:\/\/casembly.lt\/pl\/telefono-deklai\/strawberry\/#primaryimage\"},\"image\":{\"@id\":\"https:\/\/casembly.lt\/pl\/telefono-deklai\/strawberry\/#primaryimage\"},\"thumbnailUrl\":\"https:\/\/casembly.lt\/wp-content\/uploads\/2024\/11\/3D-front-mockup-7-scaled.jpg\",\"datePublished\":\"2024-11-26T12:31:06+00:00\",\"description\":\"Zabawne etui na telefon Strawberry ma orze\u017awiaj\u0105cy truskawkowy wz\u00f3r dla modeli iPhone i Android. Wysokiej jako\u015bci ochrona 360\u00b0, odporno\u015b\u0107 na zarysowania i stylowa ochrona telefonu.\",\"breadcrumb\":{\"@id\":\"https:\/\/casembly.lt\/pl\/telefono-deklai\/strawberry\/#breadcrumb\"},\"inLanguage\":\"pl-PL\",\"potentialAction\":[{\"@type\":\"ReadAction\",\"target\":[\"https:\/\/casembly.lt\/pl\/telefono-deklai\/strawberry\/\"]}]},{\"@type\":\"ImageObject\",\"inLanguage\":\"pl-PL\",\"@id\":\"https:\/\/casembly.lt\/pl\/telefono-deklai\/strawberry\/#primaryimage\",\"url\":\"https:\/\/casembly.lt\/wp-content\/uploads\/2024\/11\/3D-front-mockup-7-scaled.jpg\",\"contentUrl\":\"https:\/\/casembly.lt\/wp-content\/uploads\/2024\/11\/3D-front-mockup-7-scaled.jpg\",\"width\":2133,\"height\":2560},{\"@type\":\"BreadcrumbList\",\"@id\":\"https:\/\/casembly.lt\/pl\/telefono-deklai\/strawberry\/#breadcrumb\",\"itemListElement\":[{\"@type\":\"ListItem\",\"position\":1,\"name\":\"Home\",\"item\":\"https:\/\/casembly.lt\/\"},{\"@type\":\"ListItem\",\"position\":2,\"name\":\"Etui na telefony\",\"item\":\"https:\/\/casembly.lt\/pl\/sklep\/\"},{\"@type\":\"ListItem\",\"position\":3,\"name\":\"Strawberry\"}]},{\"@type\":\"WebSite\",\"@id\":\"https:\/\/casembly.lt\/#website\",\"url\":\"https:\/\/casembly.lt\/\",\"name\":\"Casembly.lt\",\"description\":\"\",\"publisher\":{\"@id\":\"https:\/\/casembly.lt\/#organization\"},\"alternateName\":\"Casembly\",\"potentialAction\":[{\"@type\":\"SearchAction\",\"target\":{\"@type\":\"EntryPoint\",\"urlTemplate\":\"https:\/\/casembly.lt\/?s={search_term_string}\"},\"query-input\":{\"@type\":\"PropertyValueSpecification\",\"valueRequired\":true,\"valueName\":\"search_term_string\"}}],\"inLanguage\":\"pl-PL\"},{\"@type\":\"Organization\",\"@id\":\"https:\/\/casembly.lt\/#organization\",\"name\":\"Casembly\",\"alternateName\":\"Casembly\",\"url\":\"https:\/\/casembly.lt\/\",\"logo\":{\"@type\":\"ImageObject\",\"inLanguage\":\"pl-PL\",\"@id\":\"https:\/\/casembly.lt\/#\/schema\/logo\/image\/\",\"url\":\"https:\/\/casembly.lt\/wp-content\/uploads\/2024\/11\/Your-paragraph-text-400-x-200-px-1.png\",\"contentUrl\":\"https:\/\/casembly.lt\/wp-content\/uploads\/2024\/11\/Your-paragraph-text-400-x-200-px-1.png\",\"width\":400,\"height\":200,\"caption\":\"Casembly\"},\"image\":{\"@id\":\"https:\/\/casembly.lt\/#\/schema\/logo\/image\/\"},\"sameAs\":[\"https:\/\/www.facebook.com\/profile.php?id=61566360402330\"]}]}<\/script>\n<!-- \/ Yoast SEO Premium plugin. -->","yoast_head_json":{"title":"Strawberry - Casembly","description":"Zabawne etui na telefon Strawberry ma orze\u017awiaj\u0105cy truskawkowy wz\u00f3r dla modeli iPhone i Android. Wysokiej jako\u015bci ochrona 360\u00b0, odporno\u015b\u0107 na zarysowania i stylowa ochrona telefonu.","robots":{"index":"index","follow":"follow","max-snippet":"max-snippet:-1","max-image-preview":"max-image-preview:large","max-video-preview":"max-video-preview:-1"},"canonical":"https:\/\/casembly.lt\/pl\/telefono-deklai\/strawberry\/","og_locale":"pl_PL","og_type":"article","og_title":"Strawberry","og_description":"Zabawne etui na telefon Strawberry ma orze\u017awiaj\u0105cy truskawkowy wz\u00f3r dla modeli iPhone i Android. Wysokiej jako\u015bci ochrona 360\u00b0, odporno\u015b\u0107 na zarysowania i stylowa ochrona telefonu.","og_url":"https:\/\/casembly.lt\/pl\/telefono-deklai\/strawberry\/","og_site_name":"Casembly","article_publisher":"https:\/\/www.facebook.com\/profile.php?id=61566360402330","og_image":[{"width":2133,"height":2560,"url":"https:\/\/casembly.lt\/wp-content\/uploads\/2024\/11\/3D-front-mockup-7-scaled.jpg","type":"image\/jpeg"}],"twitter_card":"summary_large_image","schema":{"@context":"https:\/\/schema.org","@graph":[{"@type":"WebPage","@id":"https:\/\/casembly.lt\/pl\/telefono-deklai\/strawberry\/","url":"https:\/\/casembly.lt\/pl\/telefono-deklai\/strawberry\/","name":"Strawberry - Casembly","isPartOf":{"@id":"https:\/\/casembly.lt\/#website"},"primaryImageOfPage":{"@id":"https:\/\/casembly.lt\/pl\/telefono-deklai\/strawberry\/#primaryimage"},"image":{"@id":"https:\/\/casembly.lt\/pl\/telefono-deklai\/strawberry\/#primaryimage"},"thumbnailUrl":"https:\/\/casembly.lt\/wp-content\/uploads\/2024\/11\/3D-front-mockup-7-scaled.jpg","datePublished":"2024-11-26T12:31:06+00:00","description":"Zabawne etui na telefon Strawberry ma orze\u017awiaj\u0105cy truskawkowy wz\u00f3r dla modeli iPhone i Android. Wysokiej jako\u015bci ochrona 360\u00b0, odporno\u015b\u0107 na zarysowania i stylowa ochrona telefonu.","breadcrumb":{"@id":"https:\/\/casembly.lt\/pl\/telefono-deklai\/strawberry\/#breadcrumb"},"inLanguage":"pl-PL","potentialAction":[{"@type":"ReadAction","target":["https:\/\/casembly.lt\/pl\/telefono-deklai\/strawberry\/"]}]},{"@type":"ImageObject","inLanguage":"pl-PL","@id":"https:\/\/casembly.lt\/pl\/telefono-deklai\/strawberry\/#primaryimage","url":"https:\/\/casembly.lt\/wp-content\/uploads\/2024\/11\/3D-front-mockup-7-scaled.jpg","contentUrl":"https:\/\/casembly.lt\/wp-content\/uploads\/2024\/11\/3D-front-mockup-7-scaled.jpg","width":2133,"height":2560},{"@type":"BreadcrumbList","@id":"https:\/\/casembly.lt\/pl\/telefono-deklai\/strawberry\/#breadcrumb","itemListElement":[{"@type":"ListItem","position":1,"name":"Home","item":"https:\/\/casembly.lt\/"},{"@type":"ListItem","position":2,"name":"Etui na telefony","item":"https:\/\/casembly.lt\/pl\/sklep\/"},{"@type":"ListItem","position":3,"name":"Strawberry"}]},{"@type":"WebSite","@id":"https:\/\/casembly.lt\/#website","url":"https:\/\/casembly.lt\/","name":"Casembly.lt","description":"","publisher":{"@id":"https:\/\/casembly.lt\/#organization"},"alternateName":"Casembly","potentialAction":[{"@type":"SearchAction","target":{"@type":"EntryPoint","urlTemplate":"https:\/\/casembly.lt\/?s={search_term_string}"},"query-input":{"@type":"PropertyValueSpecification","valueRequired":true,"valueName":"search_term_string"}}],"inLanguage":"pl-PL"},{"@type":"Organization","@id":"https:\/\/casembly.lt\/#organization","name":"Casembly","alternateName":"Casembly","url":"https:\/\/casembly.lt\/","logo":{"@type":"ImageObject","inLanguage":"pl-PL","@id":"https:\/\/casembly.lt\/#\/schema\/logo\/image\/","url":"https:\/\/casembly.lt\/wp-content\/uploads\/2024\/11\/Your-paragraph-text-400-x-200-px-1.png","contentUrl":"https:\/\/casembly.lt\/wp-content\/uploads\/2024\/11\/Your-paragraph-text-400-x-200-px-1.png","width":400,"height":200,"caption":"Casembly"},"image":{"@id":"https:\/\/casembly.lt\/#\/schema\/logo\/image\/"},"sameAs":["https:\/\/www.facebook.com\/profile.php?id=61566360402330"]}]}},"_links":{"self":[{"href":"https:\/\/casembly.lt\/pl\/wp-json\/wp\/v2\/product\/11599","targetHints":{"allow":["GET"]}}],"collection":[{"href":"https:\/\/casembly.lt\/pl\/wp-json\/wp\/v2\/product"}],"about":[{"href":"https:\/\/casembly.lt\/pl\/wp-json\/wp\/v2\/types\/product"}],"replies":[{"embeddable":true,"href":"https:\/\/casembly.lt\/pl\/wp-json\/wp\/v2\/comments?post=11599"}],"version-history":[{"count":0,"href":"https:\/\/casembly.lt\/pl\/wp-json\/wp\/v2\/product\/11599\/revisions"}],"wp:featuredmedia":[{"embeddable":true,"href":"https:\/\/casembly.lt\/pl\/wp-json\/wp\/v2\/media\/10470"}],"wp:attachment":[{"href":"https:\/\/casembly.lt\/pl\/wp-json\/wp\/v2\/media?parent=11599"}],"wp:term":[{"taxonomy":"product_brand","embeddable":true,"href":"https:\/\/casembly.lt\/pl\/wp-json\/wp\/v2\/product_brand?post=11599"},{"taxonomy":"product_cat","embeddable":true,"href":"https:\/\/casembly.lt\/pl\/wp-json\/wp\/v2\/product_cat?post=11599"},{"taxonomy":"product_tag","embeddable":true,"href":"https:\/\/casembly.lt\/pl\/wp-json\/wp\/v2\/product_tag?post=11599"}],"curies":[{"name":"wp","href":"https:\/\/api.w.org\/{rel}","templated":true}]}}