{"id":27967,"date":"2024-11-29T08:43:12","date_gmt":"2024-11-29T05:43:12","guid":{"rendered":"https:\/\/casembly.lt\/polityka-prywatnosci\/"},"modified":"2025-06-09T13:07:35","modified_gmt":"2025-06-09T10:07:35","slug":"polityka-prywatnosci","status":"publish","type":"page","link":"https:\/\/casembly.lt\/pl\/polityka-prywatnosci\/","title":{"rendered":"Polityka prywatno\u015bci"},"content":{"rendered":"\t\t<div data-elementor-type=\"wp-page\" data-elementor-id=\"27967\" class=\"elementor elementor-27967 elementor-8358\">\n\t\t\t\t<div class=\"wd-negative-gap elementor-element elementor-element-ade37ec e-flex e-con-boxed e-con e-parent\" data-id=\"ade37ec\" data-element_type=\"container\">\n\t\t\t\t\t<div class=\"e-con-inner\">\n\t\t\t\t<div class=\"elementor-element elementor-element-d003e01 elementor-widget elementor-widget-heading\" data-id=\"d003e01\" data-element_type=\"widget\" data-widget_type=\"heading.default\">\n\t\t\t\t\t<h2 class=\"elementor-heading-title elementor-size-default\">Polityka prywatno\u015bci<\/h2>\t\t\t\t<\/div>\n\t\t\t\t\t<\/div>\n\t\t\t\t<\/div>\n\t\t<div class=\"wd-negative-gap elementor-element elementor-element-89dcfc8 e-flex e-con-boxed e-con e-parent\" data-id=\"89dcfc8\" data-element_type=\"container\">\n\t\t\t\t\t<div class=\"e-con-inner\">\n\t\t\t\t<div class=\"elementor-element elementor-element-feb5f51 color-scheme-inherit text-left elementor-widget elementor-widget-text-editor\" data-id=\"feb5f51\" data-element_type=\"widget\" data-widget_type=\"text-editor.default\">\n\t\t\t\t\t\t\t\t\t<h1>Polityka <strong>prywatno\u015bci<\/strong><\/h1><p>Hard Projects, MB kod firmy:307177159 (zwany dalej Administratorem Danych) niniejszym ustala zasady i warunki przetwarzania danych osobowych poprzez korzystanie ze strony internetowej www.casembly.lt administrowanej przez Administratora Danych (zwane dalej <strong>Polityk\u0105 Prywatno\u015bci<\/strong>). Warunki okre\u015blone w Polityce prywatno\u015bci maj\u0105 zastosowanie za ka\u017cdym razem, gdy u\u017cytkownik uzyskuje dost\u0119p do tre\u015bci i\/lub us\u0142ug \u015bwiadczonych przez nas. <\/p><p><strong>Dane administratora danych<\/strong><\/p><p> www.casembly.lt, zgodnie z prawem Republiki Litewskiej, nale\u017cy do H<span style=\"font-family: Cabin, Arial, Helvetica, sans-serif; font-size: 16px; font-style: normal; font-variant-ligatures: normal; font-variant-caps: normal; font-weight: 400;\">ard Projects, kod firmy MB: 307177159<\/span>, adres siedziby: V. Nagevi\u010diaus g. 3, LT-08237 Vilnius. Litwa<br><br>   +37068330082<\/p><p>E-mail: <a href=\"mailto:info@casembly.lt\">info@casembly.lt<\/a> <\/p><p>Bardzo wa\u017cne jest, aby uwa\u017cnie przeczyta\u0107 niniejsz\u0105 Polityk\u0119 prywatno\u015bci, poniewa\u017c za ka\u017cdym razem, gdy odwiedzasz witryn\u0119 internetow\u0105 lub konto w sieci spo\u0142eczno\u015bciowej nale\u017c\u0105ce do Administratora danych, zgadzasz si\u0119 na warunki opisane w niniejszej Polityce prywatno\u015bci. Je\u015bli u\u017cytkownik nie wyra\u017ca zgody na te warunki, nie powinien odwiedza\u0107 naszej witryny internetowej\/konta w sieci spo\u0142eczno\u015bciowej ani korzysta\u0107 z naszych tre\u015bci i\/lub us\u0142ug. <\/p><p>Potwierdzamy, \u017ce strona internetowa Administratora Danych i dane os\u00f3b odwiedzaj\u0105cych konta w sieciach spo\u0142eczno\u015bciowych b\u0119d\u0105 gromadzone zgodnie z wymogami obowi\u0105zuj\u0105cego ustawodawstwa Unii Europejskiej i Republiki Litewskiej, a tak\u017ce zgodnie z instrukcjami organ\u00f3w kontrolnych. Stosowane s\u0105 wszelkie uzasadnione \u015brodki techniczne i administracyjne w celu zapewnienia, \u017ce gromadzone przez nas dane dotycz\u0105ce os\u00f3b odwiedzaj\u0105cych nasze strony internetowe i konta w sieciach spo\u0142eczno\u015bciowych s\u0105 chronione przed utrat\u0105, nieuprawnionym wykorzystaniem i zmian\u0105. <\/p><p>Terminy u\u017cyte w niniejszych Warunkach nale\u017cy rozumie\u0107 zgodnie z definicj\u0105 zawart\u0105 w og\u00f3lnym rozporz\u0105dzeniu o ochronie danych 2016\/679 (UE).<\/p><p><strong>Jakie informacje o u\u017cytkowniku gromadzimy?<\/strong><\/p><ul><li>Informacje podane przez u\u017cytkownika podczas rejestracji lub rezerwacji (imi\u0119, nazwisko, adres e-mail, numer telefonu).<\/li><li>Informacje o sposobie korzystania z naszych witryn internetowych. Je\u015bli odwiedzasz nasz\u0105 stron\u0119 internetow\u0105, zbieramy r\u00f3wnie\u017c informacje, kt\u00f3re ujawniaj\u0105 wzorce korzystania z naszych us\u0142ug lub automatycznie generowane statystyki odwiedzin. Wi\u0119cej informacji na ten temat mo\u017cna znale\u017a\u0107 w sekcji \u201ePliki cookie\u201d.  <\/li><li>Informacje ze \u017ar\u00f3de\u0142 zewn\u0119trznych. Mo\u017cemy uzyskiwa\u0107 informacje o u\u017cytkowniku ze \u017ar\u00f3de\u0142 publicznych i komercyjnych (w zakresie dozwolonym przez obowi\u0105zuj\u0105ce prawo) i \u0142\u0105czy\u0107 je z innymi informacjami, kt\u00f3re uzyskujemy od u\u017cytkownika lub na jego temat. Mo\u017cemy r\u00f3wnie\u017c otrzymywa\u0107 informacje o u\u017cytkowniku z serwis\u00f3w spo\u0142eczno\u015bciowych stron trzecich, gdy u\u017cytkownik uzyskuje do nich dost\u0119p, na przyk\u0142ad za po\u015brednictwem swoich kont na Facebooku.  <\/li><li>Inne gromadzone przez nas informacje. Mo\u017cemy r\u00f3wnie\u017c gromadzi\u0107 informacje o u\u017cytkowniku, jego komentarzach, urz\u0105dzeniu lub korzystaniu przez niego z tre\u015bci na naszych stronach internetowych za jego zgod\u0105. <\/li><\/ul><p><strong>Jak wykorzystujemy informacje o u\u017cytkowniku?<\/strong><\/p><p>Mo\u017cemy wykorzystywa\u0107 zebrane informacje do nast\u0119puj\u0105cych cel\u00f3w:<\/p><ul><li>Aby zarejestrowa\u0107 u\u017cytkownika w celu korzystania z naszej us\u0142ugi zakup\u00f3w online.<\/li><li>W sklepie internetowym p\u0142atno\u015bci s\u0105 przetwarzane za po\u015brednictwem platformy www.Opay.eu, kt\u00f3ra jest obs\u0142ugiwana przez <strong>UAB OPAY solutions<\/strong> (kod firmy 302664558, adres M. K. Paco g. 4, LT-10309 Wilno, z licencj\u0105 instytucji p\u0142atniczej nr LB002101 wydan\u0105 przez Bank Litwy), w zwi\u0105zku z czym dane osobowe u\u017cytkownika wymagane do realizacji p\u0142atno\u015bci oraz potwierdzenie p\u0142atno\u015bci zostan\u0105 przekazane do <strong>UAB OPAY solutions.<\/strong><\/li><li> Do cel\u00f3w marketingu bezpo\u015bredniego*, takich jak wysy\u0142anie biuletyn\u00f3w, dostarczanie dostosowanych reklam promocyjnych i wysy\u0142anie powiadomie\u0144 o promocjach, ocena i analiza naszego rynku, klient\u00f3w, produkt\u00f3w i us\u0142ug (w tym zbieranie opinii o produktach i us\u0142ugach oraz organizowanie ankiet w\u015br\u00f3d klient\u00f3w).<\/li><li>Aby dowiedzie\u0107 si\u0119, w jaki spos\u00f3b u\u017cytkownicy korzystaj\u0105 z naszych us\u0142ug online, aby\u015bmy mogli je ulepsza\u0107 i opracowywa\u0107 nowe tre\u015bci, produkty i us\u0142ugi.<\/li><li>Organizowanie bezp\u0142atnych loterii, konkurs\u00f3w, gier lub promocji dozwolonych przez prawo*.<\/li><li>Inne sposoby za zgod\u0105 u\u017cytkownika*.<\/li><\/ul><p>* Informujemy, \u017ce u\u017cytkownik ma prawo w dowolnym momencie wnie\u015b\u0107 sprzeciw lub wycofa\u0107 zgod\u0119 na przetwarzanie jego danych w celach wskazanych powy\u017cej, oznaczonych gwiazdk\u0105.<\/p><p><strong>Komu ujawniamy informacje o u\u017cytkowniku?<\/strong><\/p><p>Zobowi\u0105zujemy si\u0119 nie przekazywa\u0107 danych osobowych u\u017cytkownika \u017cadnym niepowi\u0105zanym stronom trzecim, z wyj\u0105tkiem nast\u0119puj\u0105cych przypadk\u00f3w:<\/p><ul><li>Je\u015bli u\u017cytkownik wyrazi zgod\u0119 na ujawnienie swoich danych osobowych;<\/li><li>Firmy \u015bwiadcz\u0105ce us\u0142ugi na nasz\u0105 pro\u015bb\u0119, np. banki\/firmy pomagaj\u0105ce w transakcjach p\u0142atniczych. Firmy te maj\u0105 ograniczone mo\u017cliwo\u015bci wykorzystywania informacji o u\u017cytkowniku; nie mog\u0105 wykorzystywa\u0107 tych informacji do cel\u00f3w innych ni\u017c \u015bwiadczenie us\u0142ug na nasz\u0105 rzecz;<\/li><li>Firmy, kt\u00f3re pomagaj\u0105 wysy\u0142a\u0107 biuletyny lub prowadz\u0105 inne dzia\u0142ania marketingowe, takie jak agencje reklamowe, agencje marketingowe. Firmy te maj\u0105 ograniczone mo\u017cliwo\u015bci wykorzystywania informacji o u\u017cytkowniku; nie mog\u0105 wykorzystywa\u0107 tych informacji do cel\u00f3w innych ni\u017c \u015bwiadczenie us\u0142ug na nasz\u0105 rzecz. <\/li><li>Innym stronom, je\u015bli jest to wymagane przez prawo lub konieczne do ochrony naszych us\u0142ug spo\u0142ecze\u0144stwa informacyjnego.<\/li><li><br>Organy \u015bcigania zgodnie z procedur\u0105 przewidzian\u0105 w ustawodawstwie Republiki Litewskiej.<\/li><\/ul><p><strong>Co robimy, aby chroni\u0107 dane u\u017cytkownika?<\/strong><\/p><p>Kiedy zamieszczasz komentarz na tej stronie, mo\u017cesz wybra\u0107, czy chcesz, aby Twoje imi\u0119 i nazwisko, adres e-mail i strona internetowa by\u0142y przechowywane w plikach cookie. Jest to dla Twojej wygody, aby\u015b nie musia\u0142 ponownie wprowadza\u0107 tych danych za ka\u017cdym razem, gdy komentujesz. Te pliki cookie s\u0105 przechowywane przez rok.  <\/p><p>Dane b\u0119d\u0105 przechowywane przez okres do 3 lat od ostatniej daty korzystania z naszych us\u0142ug lub tre\u015bci. Po up\u0142ywie tego okresu i je\u015bli u\u017cytkownik nie dokona\u0142 \u017cadnego zakupu na naszej stronie internetowej www.casembly.lt, dane zostan\u0105 usuni\u0119te, aby nie mo\u017cna ich by\u0142o odtworzy\u0107. <\/p><p><strong>Twoje prawa<\/strong><\/p><p>Osobie, kt\u00f3rej dane s\u0105 przetwarzane w ramach dzia\u0142alno\u015bci Administratora Danych, przys\u0142uguj\u0105 nast\u0119puj\u0105ce prawa:<\/p><ul><li>Wiedzie\u0107 (by\u0107 informowanym) o przetwarzaniu swoich danych (prawo do informacji);<\/li><li>Aby pozna\u0107 swoje dane i spos\u00f3b ich przetwarzania (prawo dost\u0119pu);<\/li><li>\u017b\u0105danie sprostowania lub, w zale\u017cno\u015bci od cel\u00f3w przetwarzania danych osobowych, uzupe\u0142nienia niekompletnych danych osobowych (prawo do sprostowania);<\/li><li>Usuni\u0119cie danych lub zaprzestanie ich przetwarzania (z wyj\u0105tkiem przechowywania) (prawo do usuni\u0119cia danych i prawo do bycia zapomnianym);<\/li><li>Prawo do \u017c\u0105dania od Administratora Danych ograniczenia przetwarzania danych osobowych z jednego z uzasadnionych powod\u00f3w (prawo do ograniczenia);<\/li><li>U\u017cytkownik ma prawo do przenoszenia danych (prawo do przenoszenia danych);<\/li><li>Wniesienia sprzeciwu wobec przetwarzania danych osobowych, je\u017celi takie dane s\u0105 przetwarzane lub maj\u0105 by\u0107 przetwarzane do cel\u00f3w marketingu bezpo\u015bredniego, w tym profilowania w zwi\u0105zku z takim marketingiem bezpo\u015brednim.<\/li><\/ul><p>Je\u015bli u\u017cytkownik nie chce ju\u017c, aby jego dane osobowe by\u0142y przetwarzane do cel\u00f3w marketingu bezpo\u015bredniego, w tym profilowania, mo\u017ce wys\u0142a\u0107 wiadomo\u015b\u0107 e-mail na adres info@casembly.lt, aby wyrazi\u0107 sprzeciw wobec przetwarzania jego danych osobowych do cel\u00f3w marketingu bezpo\u015bredniego i\/lub wobec niestosowania wy\u0142\u0105cznie zautomatyzowanego przetwarzania, w tym profilowania**, jego danych osobowych, bez podawania przyczyn sprzeciwu.<\/p><p>** Na podstawie podanych przez u\u017cytkownika danych osobowych, w celu marketingu bezpo\u015bredniego, mo\u017ce by\u0107 prowadzone profilowanie danych osobowych u\u017cytkownika w celu dostarczania mu dopasowanych rozwi\u0105za\u0144 i ofert. U\u017cytkownik mo\u017ce w dowolnym momencie wycofa\u0107 swoj\u0105 zgod\u0119 na przetwarzanie danych osobowych w spos\u00f3b zautomatyzowany, w tym profilowanie. <\/p><p>Osoba, kt\u00f3rej dane dotycz\u0105, ma prawo przes\u0142a\u0107 administratorowi danych wszelkie \u017c\u0105dania lub instrukcje zwi\u0105zane z przetwarzaniem danych osobowych poczt\u0105 elektroniczn\u0105 na adres <a href=\"mailto:info@casembly.lt\">info@casembly.lt<\/a>. <\/p><p>Administrator odpowiada na takie \u017c\u0105danie lub polecenie i wykonuje lub odmawia wykonania czynno\u015bci okre\u015blonych w \u017c\u0105daniu w terminie miesi\u0105ca od \u017c\u0105dania. W razie potrzeby okres, o kt\u00f3rym mowa, mo\u017ce zosta\u0107 przed\u0142u\u017cony o kolejne dwa miesi\u0105ce, w zale\u017cno\u015bci od z\u0142o\u017cono\u015bci i liczby \u017c\u0105da\u0144. W takim przypadku Administrator Danych poinformuje Podmiot Danych o takim przed\u0142u\u017ceniu w terminie jednego miesi\u0105ca od otrzymania \u017c\u0105dania, wraz z podaniem przyczyn op\u00f3\u017anienia.  <\/p><p>Administrator danych mo\u017ce wy\u0142\u0105czy\u0107 osoby, kt\u00f3rych dane dotycz\u0105, z korzystania z praw wymienionych powy\u017cej, je\u017celi w przypadkach przewidzianych przez prawo jest to konieczne do zapewnienia zapobiegania, dochodzenia i wykrywania przest\u0119pstw, narusze\u0144 etyki urz\u0119dowej lub zawodowej, a tak\u017ce ochrony praw i wolno\u015bci osoby, kt\u00f3rej dane dotycz\u0105, lub innych os\u00f3b.<\/p><p><strong>Witryny internetowe, us\u0142ugi i produkty stron trzecich w witrynie<\/strong><strong> internetowej<\/strong><\/p><p>Strony internetowe lub konta w mediach spo\u0142eczno\u015bciowych Administratora Danych mog\u0105 zawiera\u0107 banery stron trzecich, linki do ich stron internetowych i us\u0142ug, kt\u00f3re nie znajduj\u0105 si\u0119 pod kontrol\u0105 Administratora Danych. Administrator Danych nie ponosi odpowiedzialno\u015bci za bezpiecze\u0144stwo i prywatno\u015b\u0107 informacji gromadzonych przez osoby trzecie. Nale\u017cy uwa\u017cnie przeczyta\u0107 o\u015bwiadczenia o ochronie prywatno\u015bci maj\u0105ce zastosowanie do stron internetowych i us\u0142ug stron trzecich, z kt\u00f3rych u\u017cytkownik korzysta.  <\/p><p><strong>Pliki cookie<\/strong><\/p><p>Aby Administrator Danych m\u00f3g\u0142 oferowa\u0107 Klientowi pe\u0142ne us\u0142ugi w Sklepie Internetowym, za zgod\u0105 Klienta, na jego komputerze (<em>urz\u0105dzeniu<\/em>) zapisywane s\u0105 informacje w postaci plik\u00f3w Cookies, kt\u00f3re s\u0142u\u017c\u0105 do identyfikacji Klienta jako dotychczasowego u\u017cytkownika Sklepu Internetowego, zbierania statystyk ruchu w Sklepie Internetowym oraz informacji o koszyku zakup\u00f3w. Klient mo\u017ce w ka\u017cdym czasie przegl\u0105da\u0107, kt\u00f3re pliki Cookies s\u0105 zapisywane, a tak\u017ce usun\u0105\u0107 niekt\u00f3re lub wszystkie zapisane Cookies. <\/p><p>Aby dowiedzie\u0107 si\u0119 wi\u0119cej o plikach cookie, na przyk\u0142ad o tym, jak nimi zarz\u0105dza\u0107 lub je usuwa\u0107, mo\u017cna odwiedzi\u0107 stron\u0119 www.allaboutcookies.org.<\/p>\t\t\t\t\t\t\t\t<\/div>\n\t\t\t\t\t<\/div>\n\t\t\t\t<\/div>\n\t\t\t\t<\/div>\n\t\t","protected":false},"excerpt":{"rendered":"<p>Polityka prywatno\u015bci Polityka prywatno\u015bci Hard Projects, MB kod firmy:307177159 (zwany dalej Administratorem Danych) niniejszym ustala zasady i warunki przetwarzania danych<\/p>\n","protected":false},"author":1,"featured_media":0,"parent":0,"menu_order":0,"comment_status":"closed","ping_status":"closed","template":"","meta":{"footnotes":""},"class_list":["post-27967","page","type-page","status-publish","hentry"],"yoast_head":"<!-- This site is optimized with the Yoast SEO Premium plugin v23.9 (Yoast SEO v25.5) - https:\/\/yoast.com\/wordpress\/plugins\/seo\/ -->\n<title>Polityka prywatno\u015bci - Casembly<\/title>\n<meta name=\"robots\" content=\"index, follow, max-snippet:-1, max-image-preview:large, max-video-preview:-1\" \/>\n<link rel=\"canonical\" href=\"https:\/\/casembly.lt\/pl\/polityka-prywatnosci\/\" \/>\n<meta property=\"og:locale\" content=\"pl_PL\" \/>\n<meta property=\"og:type\" content=\"article\" \/>\n<meta property=\"og:title\" content=\"Polityka prywatno\u015bci\" \/>\n<meta property=\"og:description\" content=\"Polityka prywatno\u015bci Polityka prywatno\u015bci Hard Projects, MB kod firmy:307177159 (zwany dalej Administratorem Danych) niniejszym ustala zasady i warunki przetwarzania danych\" \/>\n<meta property=\"og:url\" content=\"https:\/\/casembly.lt\/pl\/polityka-prywatnosci\/\" \/>\n<meta property=\"og:site_name\" content=\"Casembly\" \/>\n<meta property=\"article:publisher\" content=\"https:\/\/www.facebook.com\/profile.php?id=61566360402330\" \/>\n<meta property=\"article:modified_time\" content=\"2025-06-09T10:07:35+00:00\" \/>\n<meta name=\"twitter:card\" content=\"summary_large_image\" \/>\n<meta name=\"twitter:label1\" content=\"Szacowany czas czytania\" \/>\n\t<meta name=\"twitter:data1\" content=\"8 minut\" \/>\n<script type=\"application\/ld+json\" class=\"yoast-schema-graph\">{\"@context\":\"https:\/\/schema.org\",\"@graph\":[{\"@type\":\"WebPage\",\"@id\":\"https:\/\/casembly.lt\/pl\/polityka-prywatnosci\/\",\"url\":\"https:\/\/casembly.lt\/pl\/polityka-prywatnosci\/\",\"name\":\"Polityka prywatno\u015bci - Casembly\",\"isPartOf\":{\"@id\":\"https:\/\/casembly.lt\/#website\"},\"datePublished\":\"2024-11-29T05:43:12+00:00\",\"dateModified\":\"2025-06-09T10:07:35+00:00\",\"breadcrumb\":{\"@id\":\"https:\/\/casembly.lt\/pl\/polityka-prywatnosci\/#breadcrumb\"},\"inLanguage\":\"pl-PL\",\"potentialAction\":[{\"@type\":\"ReadAction\",\"target\":[\"https:\/\/casembly.lt\/pl\/polityka-prywatnosci\/\"]}]},{\"@type\":\"BreadcrumbList\",\"@id\":\"https:\/\/casembly.lt\/pl\/polityka-prywatnosci\/#breadcrumb\",\"itemListElement\":[{\"@type\":\"ListItem\",\"position\":1,\"name\":\"Home\",\"item\":\"https:\/\/casembly.lt\/\"},{\"@type\":\"ListItem\",\"position\":2,\"name\":\"Polityka prywatno\u015bci\"}]},{\"@type\":\"WebSite\",\"@id\":\"https:\/\/casembly.lt\/#website\",\"url\":\"https:\/\/casembly.lt\/\",\"name\":\"Casembly.lt\",\"description\":\"\",\"publisher\":{\"@id\":\"https:\/\/casembly.lt\/#organization\"},\"alternateName\":\"Casembly\",\"potentialAction\":[{\"@type\":\"SearchAction\",\"target\":{\"@type\":\"EntryPoint\",\"urlTemplate\":\"https:\/\/casembly.lt\/?s={search_term_string}\"},\"query-input\":{\"@type\":\"PropertyValueSpecification\",\"valueRequired\":true,\"valueName\":\"search_term_string\"}}],\"inLanguage\":\"pl-PL\"},{\"@type\":\"Organization\",\"@id\":\"https:\/\/casembly.lt\/#organization\",\"name\":\"Casembly\",\"alternateName\":\"Casembly\",\"url\":\"https:\/\/casembly.lt\/\",\"logo\":{\"@type\":\"ImageObject\",\"inLanguage\":\"pl-PL\",\"@id\":\"https:\/\/casembly.lt\/#\/schema\/logo\/image\/\",\"url\":\"https:\/\/casembly.lt\/wp-content\/uploads\/2024\/11\/Your-paragraph-text-400-x-200-px-1.png\",\"contentUrl\":\"https:\/\/casembly.lt\/wp-content\/uploads\/2024\/11\/Your-paragraph-text-400-x-200-px-1.png\",\"width\":400,\"height\":200,\"caption\":\"Casembly\"},\"image\":{\"@id\":\"https:\/\/casembly.lt\/#\/schema\/logo\/image\/\"},\"sameAs\":[\"https:\/\/www.facebook.com\/profile.php?id=61566360402330\"]}]}<\/script>\n<!-- \/ Yoast SEO Premium plugin. -->","yoast_head_json":{"title":"Polityka prywatno\u015bci - Casembly","robots":{"index":"index","follow":"follow","max-snippet":"max-snippet:-1","max-image-preview":"max-image-preview:large","max-video-preview":"max-video-preview:-1"},"canonical":"https:\/\/casembly.lt\/pl\/polityka-prywatnosci\/","og_locale":"pl_PL","og_type":"article","og_title":"Polityka prywatno\u015bci","og_description":"Polityka prywatno\u015bci Polityka prywatno\u015bci Hard Projects, MB kod firmy:307177159 (zwany dalej Administratorem Danych) niniejszym ustala zasady i warunki przetwarzania danych","og_url":"https:\/\/casembly.lt\/pl\/polityka-prywatnosci\/","og_site_name":"Casembly","article_publisher":"https:\/\/www.facebook.com\/profile.php?id=61566360402330","article_modified_time":"2025-06-09T10:07:35+00:00","twitter_card":"summary_large_image","twitter_misc":{"Szacowany czas czytania":"8 minut"},"schema":{"@context":"https:\/\/schema.org","@graph":[{"@type":"WebPage","@id":"https:\/\/casembly.lt\/pl\/polityka-prywatnosci\/","url":"https:\/\/casembly.lt\/pl\/polityka-prywatnosci\/","name":"Polityka prywatno\u015bci - Casembly","isPartOf":{"@id":"https:\/\/casembly.lt\/#website"},"datePublished":"2024-11-29T05:43:12+00:00","dateModified":"2025-06-09T10:07:35+00:00","breadcrumb":{"@id":"https:\/\/casembly.lt\/pl\/polityka-prywatnosci\/#breadcrumb"},"inLanguage":"pl-PL","potentialAction":[{"@type":"ReadAction","target":["https:\/\/casembly.lt\/pl\/polityka-prywatnosci\/"]}]},{"@type":"BreadcrumbList","@id":"https:\/\/casembly.lt\/pl\/polityka-prywatnosci\/#breadcrumb","itemListElement":[{"@type":"ListItem","position":1,"name":"Home","item":"https:\/\/casembly.lt\/"},{"@type":"ListItem","position":2,"name":"Polityka prywatno\u015bci"}]},{"@type":"WebSite","@id":"https:\/\/casembly.lt\/#website","url":"https:\/\/casembly.lt\/","name":"Casembly.lt","description":"","publisher":{"@id":"https:\/\/casembly.lt\/#organization"},"alternateName":"Casembly","potentialAction":[{"@type":"SearchAction","target":{"@type":"EntryPoint","urlTemplate":"https:\/\/casembly.lt\/?s={search_term_string}"},"query-input":{"@type":"PropertyValueSpecification","valueRequired":true,"valueName":"search_term_string"}}],"inLanguage":"pl-PL"},{"@type":"Organization","@id":"https:\/\/casembly.lt\/#organization","name":"Casembly","alternateName":"Casembly","url":"https:\/\/casembly.lt\/","logo":{"@type":"ImageObject","inLanguage":"pl-PL","@id":"https:\/\/casembly.lt\/#\/schema\/logo\/image\/","url":"https:\/\/casembly.lt\/wp-content\/uploads\/2024\/11\/Your-paragraph-text-400-x-200-px-1.png","contentUrl":"https:\/\/casembly.lt\/wp-content\/uploads\/2024\/11\/Your-paragraph-text-400-x-200-px-1.png","width":400,"height":200,"caption":"Casembly"},"image":{"@id":"https:\/\/casembly.lt\/#\/schema\/logo\/image\/"},"sameAs":["https:\/\/www.facebook.com\/profile.php?id=61566360402330"]}]}},"_links":{"self":[{"href":"https:\/\/casembly.lt\/pl\/wp-json\/wp\/v2\/pages\/27967","targetHints":{"allow":["GET"]}}],"collection":[{"href":"https:\/\/casembly.lt\/pl\/wp-json\/wp\/v2\/pages"}],"about":[{"href":"https:\/\/casembly.lt\/pl\/wp-json\/wp\/v2\/types\/page"}],"author":[{"embeddable":true,"href":"https:\/\/casembly.lt\/pl\/wp-json\/wp\/v2\/users\/1"}],"replies":[{"embeddable":true,"href":"https:\/\/casembly.lt\/pl\/wp-json\/wp\/v2\/comments?post=27967"}],"version-history":[{"count":1,"href":"https:\/\/casembly.lt\/pl\/wp-json\/wp\/v2\/pages\/27967\/revisions"}],"predecessor-version":[{"id":27968,"href":"https:\/\/casembly.lt\/pl\/wp-json\/wp\/v2\/pages\/27967\/revisions\/27968"}],"wp:attachment":[{"href":"https:\/\/casembly.lt\/pl\/wp-json\/wp\/v2\/media?parent=27967"}],"curies":[{"name":"wp","href":"https:\/\/api.w.org\/{rel}","templated":true}]}}